{"id":56,"date":"2025-07-12T19:57:00","date_gmt":"2025-07-12T18:57:00","guid":{"rendered":"https:\/\/oenxamefuso.pt\/?page_id=56"},"modified":"2025-07-12T19:57:00","modified_gmt":"2025-07-12T18:57:00","slug":"caminhadas","status":"publish","type":"page","link":"https:\/\/oenxamefuso.pt\/?page_id=56","title":{"rendered":"CAMINHADAS"},"content":{"rendered":"\n<p><\/p>\n\n\n\n<p>. Escolhe o teu tempo:<\/p>\n\n\n\n<p>pouco \/ 10 min \/ 20 min \/ 30 min \/ 40 min \/ mais<\/p>\n\n\n\n<p>. Desliga o telem\u00f3vel e come\u00e7a a caminhar<\/p>\n\n\n\n<p>. Deixa te guiar pelos sons que ouves, os cheiros que sentes<\/p>\n\n\n\n<p>. Os teus p\u00e9s ir\u00e3o acompanhar<\/p>\n\n\n\n<p>. Deixa-te levar de rua em rua, de \u00e1rvore em \u00e1rvore<\/p>\n\n\n\n<p><\/p>\n","protected":false},"excerpt":{"rendered":"<p>. Escolhe o teu tempo: pouco \/ 10 min \/ 20 min \/ 30 min \/ 40 min \/ mais . Desliga o telem\u00f3vel e come\u00e7a a caminhar . Deixa te guiar pelos sons que ouves, os cheiros que sentes . Os teus p\u00e9s ir\u00e3o acompanhar . Deixa-te levar de rua em rua, de \u00e1rvore [&hellip;]<\/p>\n","protected":false},"author":1,"featured_media":0,"parent":0,"menu_order":0,"comment_status":"closed","ping_status":"closed","template":"","meta":{"footnotes":""},"class_list":["post-56","page","type-page","status-publish","hentry"],"_links":{"self":[{"href":"https:\/\/oenxamefuso.pt\/index.php?rest_route=\/wp\/v2\/pages\/56","targetHints":{"allow":["GET"]}}],"collection":[{"href":"https:\/\/oenxamefuso.pt\/index.php?rest_route=\/wp\/v2\/pages"}],"about":[{"href":"https:\/\/oenxamefuso.pt\/index.php?rest_route=\/wp\/v2\/types\/page"}],"author":[{"embeddable":true,"href":"https:\/\/oenxamefuso.pt\/index.php?rest_route=\/wp\/v2\/users\/1"}],"replies":[{"embeddable":true,"href":"https:\/\/oenxamefuso.pt\/index.php?rest_route=%2Fwp%2Fv2%2Fcomments&post=56"}],"version-history":[{"count":1,"href":"https:\/\/oenxamefuso.pt\/index.php?rest_route=\/wp\/v2\/pages\/56\/revisions"}],"predecessor-version":[{"id":57,"href":"https:\/\/oenxamefuso.pt\/index.php?rest_route=\/wp\/v2\/pages\/56\/revisions\/57"}],"wp:attachment":[{"href":"https:\/\/oenxamefuso.pt\/index.php?rest_route=%2Fwp%2Fv2%2Fmedia&parent=56"}],"curies":[{"name":"wp","href":"https:\/\/api.w.org\/{rel}","templated":true}]}}